{"id":6,"date":"2019-11-04T10:55:11","date_gmt":"2019-11-04T10:55:11","guid":{"rendered":"https:\/\/www.midtpunktet.dk\/?page_id=6"},"modified":"2019-11-29T18:58:45","modified_gmt":"2019-11-29T17:58:45","slug":"forside","status":"publish","type":"page","link":"https:\/\/www.midtpunktet.dk\/?page_id=6","title":{"rendered":"Interessefelter"},"content":{"rendered":"\n<h2>Rettet mod familier<\/h2>\n\n\n\n<p>. Psykologiske tests<br>. Psykodynamiske samtaler p\u00e5 gruppe, eller individniveau<br>. St\u00f8tteforanstaltninger f\u00f8r, under og efter et anbringelsesforl\u00f8b<br>. Bisidder ved anbringelser<br>. For\u00e6ldrekompetenceunders\u00f8gelser<br>. Konflikth\u00e5ndtering &amp; Konfliktm\u00e6gler<br><\/p>\n\n\n\n<h2>Rettet mod de unge<\/h2>\n\n\n\n<p>. Psykologiske test<br>. Observationer og udredninger<br>. Adf\u00e6rdsregulerende- og identitetskabende terapeutisk forl\u00f8b <br>. Individuelle udviklingssamtaler<br>. St\u00f8tteforanstaltninger ved anbringelser<br>. Etablering af aflastning, efterv\u00e6rn og udslusning<br><\/p>\n\n\n\n<h2>Rettet mod professionelle<\/h2>\n\n\n\n<p>. Sparringspartner for ledere<br>. Supervision &#8211; i grupper, eller individuelt<br>. Konsulentbistand ved medarbejderans\u00e6ttelser<br>. Udviklingssamtaler med medarbejdere<br>. Supervision af pleje- og st\u00f8ttefamilier<br>. Generelle ad. hoc. opgaver ifm anbringelser &amp; behandlingsforl\u00f8b<br><\/p>\n","protected":false},"excerpt":{"rendered":"<p>Rettet mod familier . Psykologiske tests. Psykodynamiske samtaler p\u00e5 gruppe, eller individniveau. St\u00f8tteforanstaltninger f\u00f8r, under og efter et anbringelsesforl\u00f8b. Bisidder ved anbringelser. For\u00e6ldrekompetenceunders\u00f8gelser. Konflikth\u00e5ndtering &amp; Konfliktm\u00e6gler Rettet mod de unge . Psykologiske test. Observationer og udredninger. Adf\u00e6rdsregulerende- og identitetskabende terapeutisk forl\u00f8b . Individuelle udviklingssamtaler. St\u00f8tteforanstaltninger ved anbringelser. Etablering af aflastning, efterv\u00e6rn og udslusning Rettet mod <a href=\"https:\/\/www.midtpunktet.dk\/?page_id=6\" class=\"more-link\">&#8230;<\/a><\/p>\n","protected":false},"author":1,"featured_media":0,"parent":0,"menu_order":0,"comment_status":"closed","ping_status":"closed","template":"","meta":[],"_links":{"self":[{"href":"https:\/\/www.midtpunktet.dk\/index.php?rest_route=\/wp\/v2\/pages\/6"}],"collection":[{"href":"https:\/\/www.midtpunktet.dk\/index.php?rest_route=\/wp\/v2\/pages"}],"about":[{"href":"https:\/\/www.midtpunktet.dk\/index.php?rest_route=\/wp\/v2\/types\/page"}],"author":[{"embeddable":true,"href":"https:\/\/www.midtpunktet.dk\/index.php?rest_route=\/wp\/v2\/users\/1"}],"replies":[{"embeddable":true,"href":"https:\/\/www.midtpunktet.dk\/index.php?rest_route=%2Fwp%2Fv2%2Fcomments&post=6"}],"version-history":[{"count":7,"href":"https:\/\/www.midtpunktet.dk\/index.php?rest_route=\/wp\/v2\/pages\/6\/revisions"}],"predecessor-version":[{"id":34,"href":"https:\/\/www.midtpunktet.dk\/index.php?rest_route=\/wp\/v2\/pages\/6\/revisions\/34"}],"wp:attachment":[{"href":"https:\/\/www.midtpunktet.dk\/index.php?rest_route=%2Fwp%2Fv2%2Fmedia&parent=6"}],"curies":[{"name":"wp","href":"https:\/\/api.w.org\/{rel}","templated":true}]}}