{"id":31,"date":"2019-11-04T22:39:42","date_gmt":"2019-11-04T22:39:42","guid":{"rendered":"https:\/\/www.midtpunktet.dk\/?page_id=31"},"modified":"2019-11-29T19:23:18","modified_gmt":"2019-11-29T18:23:18","slug":"erfaringsgrundlag","status":"publish","type":"page","link":"https:\/\/www.midtpunktet.dk\/?page_id=31","title":{"rendered":"Erfaringsgrundlag"},"content":{"rendered":"\n<p>. Deltidsbehandler i juli 1987, ved siden fuldtidsjob som konsulent hos en kommune, gennem 3 \u00e5r,<br><br>. Fuldtidsbehandler som selvst\u00e6ndig med psykologpraksis siden februar 1991, med virke i over 30 forskellige kommuner,<br><br>. 10 \u00e5rs erfaring som leder p\u00e5 d\u00f8gninstitution m\/ intern skole,<br><br>. Medarbejderans\u00e6ttelser- og udvikling siden 1996,<br><br>. Sparringspartner for ledere siden 2004,<br><br>.  Undervisningserfaring i psykologi p\u00e5 aftenskole i 2 \u00e5r,<br><br>. Undervisningserfaring p\u00e5 efteruddannelsesafdelinger gennem 6 \u00e5r,<br><br>. G\u00e6stel\u00e6rer, samt opl\u00e6gs- og foredragsholder p\u00e5 forskellige l\u00e6reanstalter,<br><br>. Iv\u00e6rks\u00e6tter, mentor og inspirator for flere projekter gennem \u00e5rene,<br><br>. Flere uddannelser indenfor socialvidenskab, sociologi og psykologi fra bachelor og op til PhD-niveau. <\/p>\n","protected":false},"excerpt":{"rendered":"<p>. Deltidsbehandler i juli 1987, ved siden fuldtidsjob som konsulent hos en kommune, gennem 3 \u00e5r, . Fuldtidsbehandler som selvst\u00e6ndig med psykologpraksis siden februar 1991, med virke i over 30 forskellige kommuner, . 10 \u00e5rs erfaring som leder p\u00e5 d\u00f8gninstitution m\/ intern skole, . Medarbejderans\u00e6ttelser- og udvikling siden 1996, . Sparringspartner for ledere siden 2004, <a href=\"https:\/\/www.midtpunktet.dk\/?page_id=31\" class=\"more-link\">&#8230;<\/a><\/p>\n","protected":false},"author":1,"featured_media":0,"parent":0,"menu_order":0,"comment_status":"closed","ping_status":"closed","template":"","meta":[],"_links":{"self":[{"href":"https:\/\/www.midtpunktet.dk\/index.php?rest_route=\/wp\/v2\/pages\/31"}],"collection":[{"href":"https:\/\/www.midtpunktet.dk\/index.php?rest_route=\/wp\/v2\/pages"}],"about":[{"href":"https:\/\/www.midtpunktet.dk\/index.php?rest_route=\/wp\/v2\/types\/page"}],"author":[{"embeddable":true,"href":"https:\/\/www.midtpunktet.dk\/index.php?rest_route=\/wp\/v2\/users\/1"}],"replies":[{"embeddable":true,"href":"https:\/\/www.midtpunktet.dk\/index.php?rest_route=%2Fwp%2Fv2%2Fcomments&post=31"}],"version-history":[{"count":5,"href":"https:\/\/www.midtpunktet.dk\/index.php?rest_route=\/wp\/v2\/pages\/31\/revisions"}],"predecessor-version":[{"id":119,"href":"https:\/\/www.midtpunktet.dk\/index.php?rest_route=\/wp\/v2\/pages\/31\/revisions\/119"}],"wp:attachment":[{"href":"https:\/\/www.midtpunktet.dk\/index.php?rest_route=%2Fwp%2Fv2%2Fmedia&parent=31"}],"curies":[{"name":"wp","href":"https:\/\/api.w.org\/{rel}","templated":true}]}}